{"id":3161,"date":"2024-02-19T22:03:06","date_gmt":"2024-02-19T22:03:06","guid":{"rendered":"https:\/\/www.medheus.uevora.pt\/?page_id=3161"},"modified":"2024-11-15T15:27:28","modified_gmt":"2024-11-15T15:27:28","slug":"round-table","status":"publish","type":"page","link":"https:\/\/www.medheus.uevora.pt\/index.php\/round-table\/","title":{"rendered":"Round Table"},"content":{"rendered":"\n<h3 class=\"wp-block-heading\"><em>Pol\u00edticas para o patrim\u00f3nio cultural em Portugal: Que estrat\u00e9gias para o conhecimento, a salvaguarda e o desenvolvimento sustent\u00e1vel?<\/em><\/h3>\n\n\n\n<h4 class=\"wp-block-heading\"><em>Cultural heritage policies in Portugal: What strategies for knowledge, safeguarding, and sustainable development?<\/em><\/h4>\n\n\n\n<p class=\"has-text-align-left\"><strong>28 de novembro de 2024<\/strong> | 16:30 \u00e0s 18:00&nbsp;<\/p>\n\n\n<div class=\"wp-block-image\">\n<figure class=\"alignleft size-large\"><img loading=\"lazy\" decoding=\"async\" width=\"1024\" height=\"858\" src=\"https:\/\/www.medheus.uevora.pt\/wp-content\/uploads\/2024\/09\/MEDHEUS_Conferencia_Keynote-3-1024x858.png\" alt=\"\" class=\"wp-image-3542\" srcset=\"https:\/\/www.medheus.uevora.pt\/wp-content\/uploads\/2024\/09\/MEDHEUS_Conferencia_Keynote-3-1024x858.png 1024w, https:\/\/www.medheus.uevora.pt\/wp-content\/uploads\/2024\/09\/MEDHEUS_Conferencia_Keynote-3-300x251.png 300w, https:\/\/www.medheus.uevora.pt\/wp-content\/uploads\/2024\/09\/MEDHEUS_Conferencia_Keynote-3-768x644.png 768w, https:\/\/www.medheus.uevora.pt\/wp-content\/uploads\/2024\/09\/MEDHEUS_Conferencia_Keynote-3-1536x1288.png 1536w, https:\/\/www.medheus.uevora.pt\/wp-content\/uploads\/2024\/09\/MEDHEUS_Conferencia_Keynote-3-2048x1717.png 2048w\" sizes=\"auto, (max-width: 1024px) 100vw, 1024px\" \/><\/figure>\n<\/div>\n\n\n<div style=\"height:20px\" aria-hidden=\"true\" class=\"wp-block-spacer\"><\/div>\n\n\n\n<p class=\"has-neve-link-hover-color-color has-text-color has-link-color wp-elements-5a9fb2663661e1f04523aeeac5465a35\"><strong>Modera\u00e7\u00e3o: <\/strong>Filipe Themudo Barata<\/p>\n\n\n\n<p class=\"has-neve-link-color-color has-text-color has-link-color wp-elements-cb72c885d3e5e1f1659ee0f987657804\"><strong>PARTICIPANTES<\/strong><\/p>\n\n\n\n<p><strong>V\u00edtor Dias<\/strong> (Diretor do Museu Nacional de Con\u00edmbriga)<\/p>\n\n\n\n<p><strong>Ant\u00f3nia Fialho Conde <\/strong>(Universidade de \u00c9vora &#8211; CIDEHUS | Diretora do Curso de Mestrado em Gest\u00e3o e Valoriza\u00e7\u00e3o do Patrim\u00f3nio Cultural)<\/p>\n\n\n\n<p><strong>Alexandra Rodrigues<\/strong> (Universidade do Algarve &#8211; CinTurs)<\/p>\n\n\n\n<p><strong>Clara Bertrand Cabral<\/strong> (Comiss\u00e3o Nacional da UNESCO)<\/p>\n\n\n\n<p><strong>Ana Paula Amendoeira<\/strong> (CCDR Alentejo)<\/p>\n\n\n\n<p><strong>Ana Saraiva<\/strong> (Museus e Monumentos de Portugal, E.P.E. | CRIA &#8211; NOVA FCSH)<\/p>\n\n\n\n<p><strong>Alexandra Alves<\/strong> (ERIH \u2013 European Route of Industrial Heritage)<\/p>\n\n\n\n<div style=\"height:100px\" aria-hidden=\"true\" class=\"wp-block-spacer\"><\/div>\n","protected":false},"excerpt":{"rendered":"<p>Pol\u00edticas para o patrim\u00f3nio cultural em Portugal: Que estrat\u00e9gias para o conhecimento, a salvaguarda e o desenvolvimento sustent\u00e1vel? Cultural heritage policies in Portugal: What strategies for knowledge, safeguarding, and sustainable development? 28 de novembro de 2024 | 16:30 \u00e0s 18:00&nbsp; Modera\u00e7\u00e3o: Filipe Themudo Barata PARTICIPANTES V\u00edtor Dias (Diretor do Museu Nacional de Con\u00edmbriga) Ant\u00f3nia Fialho&hellip;&nbsp;<a href=\"https:\/\/www.medheus.uevora.pt\/index.php\/round-table\/\" class=\"\" rel=\"bookmark\">Ler mais &raquo;<span class=\"screen-reader-text\">Round Table<\/span><\/a><\/p>\n","protected":false},"author":1,"featured_media":0,"parent":0,"menu_order":0,"comment_status":"closed","ping_status":"closed","template":"","meta":{"neve_meta_sidebar":"","neve_meta_container":"","neve_meta_enable_content_width":"","neve_meta_content_width":0,"neve_meta_title_alignment":"","neve_meta_author_avatar":"","neve_post_elements_order":"","neve_meta_disable_header":"","neve_meta_disable_footer":"","neve_meta_disable_title":"","footnotes":""},"class_list":["post-3161","page","type-page","status-publish","hentry"],"_links":{"self":[{"href":"https:\/\/www.medheus.uevora.pt\/index.php\/wp-json\/wp\/v2\/pages\/3161","targetHints":{"allow":["GET"]}}],"collection":[{"href":"https:\/\/www.medheus.uevora.pt\/index.php\/wp-json\/wp\/v2\/pages"}],"about":[{"href":"https:\/\/www.medheus.uevora.pt\/index.php\/wp-json\/wp\/v2\/types\/page"}],"author":[{"embeddable":true,"href":"https:\/\/www.medheus.uevora.pt\/index.php\/wp-json\/wp\/v2\/users\/1"}],"replies":[{"embeddable":true,"href":"https:\/\/www.medheus.uevora.pt\/index.php\/wp-json\/wp\/v2\/comments?post=3161"}],"version-history":[{"count":11,"href":"https:\/\/www.medheus.uevora.pt\/index.php\/wp-json\/wp\/v2\/pages\/3161\/revisions"}],"predecessor-version":[{"id":3595,"href":"https:\/\/www.medheus.uevora.pt\/index.php\/wp-json\/wp\/v2\/pages\/3161\/revisions\/3595"}],"wp:attachment":[{"href":"https:\/\/www.medheus.uevora.pt\/index.php\/wp-json\/wp\/v2\/media?parent=3161"}],"curies":[{"name":"wp","href":"https:\/\/api.w.org\/{rel}","templated":true}]}}