{"id":3098,"date":"2024-02-16T19:51:20","date_gmt":"2024-02-16T19:51:20","guid":{"rendered":"https:\/\/www.medheus.uevora.pt\/?page_id=3098"},"modified":"2025-05-19T16:06:55","modified_gmt":"2025-05-19T16:06:55","slug":"programme","status":"publish","type":"page","link":"https:\/\/www.medheus.uevora.pt\/index.php\/programme\/","title":{"rendered":"Programme"},"content":{"rendered":"\n<div style=\"height:20px\" aria-hidden=\"true\" class=\"wp-block-spacer\"><\/div>\n\n\n\n<div class=\"wp-block-file alignright\"><a id=\"wp-block-file--media-2028176f-0fde-43f4-a54c-81ca52b8dd47\" href=\"https:\/\/www.medheus.uevora.pt\/wp-content\/uploads\/2025\/05\/Book-of-Abstracts_Novo_Final.pdf\">Book of Abstracts<\/a><a href=\"https:\/\/www.medheus.uevora.pt\/wp-content\/uploads\/2025\/05\/Book-of-Abstracts_Novo_Final.pdf\" class=\"wp-block-file__button wp-element-button\" download aria-describedby=\"wp-block-file--media-2028176f-0fde-43f4-a54c-81ca52b8dd47\">Descarregar<\/a><\/div>\n\n\n\n<div class=\"wp-block-file alignright\"><a id=\"wp-block-file--media-07d75657-66e0-4be4-b08c-284d9001ccfb\" href=\"https:\/\/www.medheus.uevora.pt\/wp-content\/uploads\/2024\/11\/Programme-ONLINE_Europe-and-the-changing-Mediterranean-1.pdf\"><strong>PROGRAMME<\/strong><\/a><a href=\"https:\/\/www.medheus.uevora.pt\/wp-content\/uploads\/2024\/11\/Programme-ONLINE_Europe-and-the-changing-Mediterranean-1.pdf\" class=\"wp-block-file__button wp-element-button\" download aria-describedby=\"wp-block-file--media-07d75657-66e0-4be4-b08c-284d9001ccfb\">Descarregar<\/a><\/div>\n\n\n\n<div style=\"height:30px\" aria-hidden=\"true\" class=\"wp-block-spacer\"><\/div>\n\n\n\n<p class=\"has-text-align-left\"><strong>Amphitheatre 131 | Col\u00e9gio do Esp\u00edrito Santo &#8211; University of \u00c9vora<\/strong><\/p>\n\n\n\n<div style=\"height:10px\" aria-hidden=\"true\" class=\"wp-block-spacer\"><\/div>\n\n\n\n<p><strong>28 November<\/strong><\/p>\n\n\n\n<p>09:00-10:00 | <em>Reception of participants<\/em><\/p>\n\n\n\n<p>09:30-10:00 | <em>Opening ceremony<\/em><\/p>\n\n\n\n<p>10:00-11:00 | <strong>SETTING THE STAGE FOT THE CONFERENCE THEME<\/strong><\/p>\n\n\n\n<p><strong>S\u00f3nia Bombico<\/strong> (Universidade de \u00c9vora &#8211; CIDEHUS) | <em><strong>Mediterranean Cultural Heritage: From concept to policy or the other way around? <\/strong><\/em><\/p>\n\n\n\n<p>11:00-11:15 | <em>Coffee Break<\/em><\/p>\n\n\n\n<p>11:15-12:45 | <strong>EUROPEAN POLICIES AND CULTURAL INSTITUTIONS <\/strong><\/p>\n\n\n\n<p>Paulo Neto (University of \u00c9vora &#8211; Department of Economics and UMPP) | <strong><em>The New European Bauhaus Initiative. Culture at the center and a new rationale for public policy<\/em><\/strong><\/p>\n\n\n\n<p>Roberta Lopalco (Vrije Universiteit Amsterdam &amp; Polytechnic of Bari) | <strong><em>The cultural homologation of landscapes<\/em><\/strong><\/p>\n\n\n\n<p>Marta Adamczyk &amp; Anna Staszewska (Akademia G\u00f3rno\u015bl\u0105ska in Katowice) | <strong><em>Culture heritage management: the case of EU countries<\/em><\/strong><\/p>\n\n\n\n<p>Francisca Listopad (IHA &#8211; FCSH) | <strong><em>Museums and the 2030 Agenda: How are museums responding and contributing to the UN Sustainable Development Goals?<\/em><\/strong><\/p>\n\n\n\n<p>Ana Paula Carvalho (Universidade Lus\u00f3fona) | <strong><em>Estrat\u00e9gias da Uni\u00e3o Europeia para Salvaguarda do Patrim\u00f3nio Cultural Mediterr\u00e2nico: um estudo focado na candidatura de \u00c9vora para Capital Europeia da Cultura 2027<\/em><\/strong><\/p>\n\n\n\n<p>13:00-14:30 | <em>Lunch<\/em><\/p>\n\n\n\n<p>14:30-15:00 | <strong>CULTURAL IDENTITY, DIVERSITY AND MOBILITY IN THE EURO-MEDITERRANEAN AREA <\/strong><\/p>\n\n\n\n<p>Evanthia Balla (Universidade de \u00c9vora ) | <strong><em>The changing Mediterranean and the intersection of culture and security in the European Union\u2019s discourse<\/em><\/strong><\/p>\n\n\n\n<p>Rafael Franco Vasques (Universidade de \u00c9vora &#8211; CICP) | <strong><em>A Identidade Europeia. Uma reflex\u00e3o em torno do pensamento humanista de Tzvetan Todorov<\/em><\/strong><\/p>\n\n\n\n<p>15:00-16:00 | <strong>CULTURAL HERITAGE AND EUROPEAN POLICIES <\/strong><\/p>\n\n\n\n<p>Leonor Dias Nogueira, Catarina Moura, Lu\u00eds Ferreira e S\u00f3nia Bombico (Universidade de \u00c9vora &#8211; CIDEHUS) | <strong><em>Portugal and the European policies for Cultural Heritage<\/em><\/strong><\/p>\n\n\n\n<p>Beatriz da Silva Fel\u00edcio (Universidade de \u00c9vora &#8211; CIDEHUS &amp; CHAIA) | <strong>Safeguarding Sefarad: Sephardic Jewish Heritage in EU Policies<\/strong><\/p>\n\n\n\n<p>16:00-16:30 | <em>Coffee Break<\/em><\/p>\n\n\n\n<p>16:30-18:00 | <strong>Round Table &#8220;Cultural heritage policies in Portugal: What strategies for knowledge, safeguarding, and sustainable development?<\/strong>\/<em>Pol\u00edticas para o patrim\u00f3nio cultural em Portugal: Que estrat\u00e9gias para o conhecimento, a salvaguarda e o desenvolvimento sustent\u00e1vel?<\/em><\/p>\n\n\n\n<p>Moderation: <strong>Filipe Themudo Barata<\/strong><\/p>\n\n\n\n<p><strong>V\u00edtor Dias<\/strong>&nbsp;(Diretor do Museu Nacional de Con\u00edmbriga)<\/p>\n\n\n\n<p><strong>Ant\u00f3nia Fialho Conde&nbsp;<\/strong>(Universidade de \u00c9vora \u2013 CIDEHUS | Diretora do Curso de Mestrado em Gest\u00e3o e Valoriza\u00e7\u00e3o do Patrim\u00f3nio Cultural)<\/p>\n\n\n\n<p><strong>Alexandra Rodrigues<\/strong>&nbsp;(Universidade do Algarve \u2013 CinTurs)<\/p>\n\n\n\n<p><strong>Clara Bertrand Cabral<\/strong>&nbsp;(Comiss\u00e3o Nacional da UNESCO)<\/p>\n\n\n\n<p><strong>Ana Paula Amendoeira<\/strong>&nbsp;(CCDR Alentejo)<\/p>\n\n\n\n<p><strong>Ana Saraiva<\/strong>&nbsp;(Museus e Monumentos de Portugal, E.P.E. | CRIA \u2013 NOVA FCSH)<\/p>\n\n\n\n<p><strong>Alexandra Alves<\/strong>&nbsp;(ERIH \u2013 European Route of Industrial Heritage)<\/p>\n\n\n\n<div style=\"height:50px\" aria-hidden=\"true\" class=\"wp-block-spacer\"><\/div>\n\n\n\n<hr class=\"wp-block-separator has-alpha-channel-opacity\"\/>\n\n\n\n<div style=\"height:50px\" aria-hidden=\"true\" class=\"wp-block-spacer\"><\/div>\n\n\n\n<p><strong>29 November<\/strong><\/p>\n\n\n\n<p>09:30-10:30 | <strong>PLENARY CONFERENCE<\/strong><\/p>\n\n\n\n<p><strong>Mauro Agnoletti <\/strong>(University of Florence, UNESCO Chair of Agricultural Heritage Landscapes) | <strong><em>Agricultural heritage and rural policies in the european context<\/em><\/strong><\/p>\n\n\n\n<p>10:30-11:00 | <strong>CULTURAL HERITAGE, LEGACY AND MEMORY I<\/strong><\/p>\n\n\n\n<p>Sheila Palomares-Alarc\u00f3n (Universidad de Ja\u00e9n &amp; CIDEHUS &#8211; Universidade de \u00c9vora) | <strong><em>Iron architecture municipal markets built in southern Portugal: a cultural heritage on the verge of extinction?<\/em><\/strong><\/p>\n\n\n\n<p>Othmane Zakaria, Gwyneth Talley &amp; Zineb Hzim (Sidi Mohamed Ben Abdellah University) | <strong><em>Public fountains of the old medina of Meknes, a fading source calling for revival<\/em><\/strong><\/p>\n\n\n\n<p>In\u00eas Cunha Sim\u00e3o, Ana Maria Martins-Nepomuceno (Universidade da Beira Interior) &amp; Natalia Juan-Garc\u00eda (Universidad de Zaragoza) | <strong><em>Salvaguarda do Patrim\u00f3nio Cultural Edificado &#8211; Dois casos de estudo: a Escola Agro-Industrial de Gr\u00e2ndola e a Escola dos Regentes Agr\u00edcolas de \u00c9vora da autoria do arquitecto Manuel Ta\u00ednha<\/em><\/strong><\/p>\n\n\n\n<p>11:00-11:30 | <em>Coffee Break<\/em><\/p>\n\n\n\n<p>11:30-13:00 | <strong>CULTURAL HERITAGE, LEGACY AND MEMORY II<\/strong><\/p>\n\n\n\n<p>Ant\u00f3nia Fialho Conde (Universidade de \u00c9vora &#8211; CIDEHUS) | <strong><em>Olhares sobre o Mediterr\u00e2neo: Malta e a presen\u00e7a portuguesa no roteiro de Lisboa a Goa<\/em><\/strong><\/p>\n\n\n\n<p>Armando Quintas, Carlos Filipe, Ana Cardoso de Matos &amp; Maria da Luz Sampaio (Universidade de \u00c9vora &#8211; CIDEHUS; CECHAP) | <strong><em>The Marble Anticline Interpretative Center (Portugal): the cultural value of a territory and its resources<\/em><\/strong><\/p>\n\n\n\n<p>Ahmad Azeez Alrahamneh (Universidad de Ja\u00e9n) | <strong><em>Exploring the cultural values of Arab-Islamic architecture: the courtyard of the Damascene House as a case study<\/em><\/strong><\/p>\n\n\n\n<p>Manuela P. Rosa &amp; David Pereira (Universidade do Algarve) | <em><strong>O calcetamento de arruamentos e passeios na Lisboa do s\u00e9culo XIX<\/strong><\/em><\/p>\n\n\n\n<p>13:00-14:30 | <em>Lunch<\/em><\/p>\n\n\n\n<p>14:30-16:15 | <strong>SUSTAINABLE TOURISM <\/strong><\/p>\n\n\n\n<p>Camila Campos &amp; Aurea Rodrigues (Universidade de \u00c9vora &#8211; CIDEHUS) | <strong>A Intersec\u00e7\u00e3o entre Turismo, Digitaliza\u00e7\u00e3o e Procura de informa\u00e7\u00e3o: Um Estudo de Caso em Cidade Hist\u00f3rica Reconhecida pela UNESCO<\/strong><\/p>\n\n\n\n<p>Jih\u00e8ne Khalifa (University of Sousse) | <strong>Digitalization and enhancing cultural tourism: Tunisian Case<\/strong><\/p>\n\n\n\n<p>Martin Thomas Falk &amp; Eva Hagsten (Sodertorn University) | <strong>Pressure from tourism hardest for religious World Heritage Sites<\/strong><\/p>\n\n\n\n<p>\u00d6znur Akgi\u015f \u0130lhan (K\u0131r\u015fehir Ahi Evran University), Semra G\u00fcnay (Anadolu University) &amp; Deniz Ate\u015f (Bilecik \u015eeyh Edebali University) | <strong><em>Digital Nomadism and Sustainable Tourism in the Mediterranean Region: Opportunities and Challenges<\/em><\/strong><\/p>\n\n\n\n<p>Nata\u0161a Uro\u0161evi\u0107 &amp; Matteo Legovi\u0107 (Juraj Dobrila University of Pula) | <strong><em>Challenges of sustainable tourism development in the Mediterranean World Heritage sites: the case of Croatia<\/em><\/strong><\/p>\n\n\n\n<p>Maria do Ros\u00e1rio Borges (Universidade de \u00c9vora &#8211; CIDEHUS) | <strong><em>Recomenda\u00e7\u00f5es internacionais para o turismo: explorando as prioridades pol\u00edticas da Uni\u00e3o Europeia<\/em><\/strong><\/p>\n\n\n\n<p>16:15-16:30 | <em>Coffee Break<\/em><\/p>\n\n\n\n<p>16:30-17:30 | <strong>PLENARY CONFERENCE <\/strong><\/p>\n\n\n\n<p>Marcello Scalisi (Director of UNIMED &#8211; Mediterranean Universities Union) | <strong>Intercultural dialogue and academic cooperation in the Mediterranean Region: the experience of UNIMED &#8211; Mediterranean Universities Union<\/strong><\/p>\n\n\n\n<p>17:30-18:30 | <strong>SUSTAINABLE PATHWAYS <\/strong><\/p>\n\n\n\n<p>Eunice Ven\u00e2ncio, Maria Raquel Lucas (Universidade de \u00c9vora &#8211; MED) &amp; Ana Marta Costa (Universidade de Tr\u00e1s-os-Montes e Alto Douro-CETRAD) | <strong><em>Consumer Segmentation for the Development of Sustainable Agri-Food Consumption Strategies<\/em><\/strong><\/p>\n\n\n\n<p>Susana Filipe, Maria Rivera Mendez &amp; Teresa Pinto Correia (Universidade de \u00c9vora &#8211; MED &amp; CHANGE) | <strong><em>Fostering Agro-Silvo Pastoral Systems: Living Lab Approaches to Preserve and Enhance Montado\u2019s Ecological, Socio-Economic, and Cultural Heritage<\/em><\/strong><\/p>\n\n\n\n<p>C\u00e1tia Salvador, Patr\u00edcia Gatinho ((Universidade de \u00c9vora &#8211; HERCULES Laboratory &amp; IN2PAST) &amp; A. Teresa Caldeira (Universidade de \u00c9vora &#8211; HERCULES Laboratory, IN2PAST &amp; City U Macau Chair in Sustainable Heritage &amp; Sino-Portugal Joint Laboratory of Cultural Heritage Conservation Science) | <strong><em>Novel Eco-Friendly Biocides: Sustainable Biotechnology for Cultural Heritage Safeguard<\/em><\/strong><\/p>\n\n\n\n<p>18:30 | <em>Closing<\/em><\/p>\n\n\n\n<div style=\"height:100px\" aria-hidden=\"true\" class=\"wp-block-spacer\"><\/div>\n","protected":false},"excerpt":{"rendered":"<p>Amphitheatre 131 | Col\u00e9gio do Esp\u00edrito Santo &#8211; University of \u00c9vora 28 November 09:00-10:00 | Reception of participants 09:30-10:00 | Opening ceremony 10:00-11:00 | SETTING THE STAGE FOT THE CONFERENCE THEME S\u00f3nia Bombico (Universidade de \u00c9vora &#8211; CIDEHUS) | Mediterranean Cultural Heritage: From concept to policy or the other way around? 11:00-11:15 | Coffee Break&hellip;&nbsp;<a href=\"https:\/\/www.medheus.uevora.pt\/index.php\/programme\/\" class=\"\" rel=\"bookmark\">Ler mais &raquo;<span class=\"screen-reader-text\">Programme<\/span><\/a><\/p>\n","protected":false},"author":1,"featured_media":0,"parent":0,"menu_order":0,"comment_status":"closed","ping_status":"closed","template":"","meta":{"neve_meta_sidebar":"","neve_meta_container":"","neve_meta_enable_content_width":"","neve_meta_content_width":0,"neve_meta_title_alignment":"","neve_meta_author_avatar":"","neve_post_elements_order":"","neve_meta_disable_header":"","neve_meta_disable_footer":"","neve_meta_disable_title":"","footnotes":""},"class_list":["post-3098","page","type-page","status-publish","hentry"],"_links":{"self":[{"href":"https:\/\/www.medheus.uevora.pt\/index.php\/wp-json\/wp\/v2\/pages\/3098","targetHints":{"allow":["GET"]}}],"collection":[{"href":"https:\/\/www.medheus.uevora.pt\/index.php\/wp-json\/wp\/v2\/pages"}],"about":[{"href":"https:\/\/www.medheus.uevora.pt\/index.php\/wp-json\/wp\/v2\/types\/page"}],"author":[{"embeddable":true,"href":"https:\/\/www.medheus.uevora.pt\/index.php\/wp-json\/wp\/v2\/users\/1"}],"replies":[{"embeddable":true,"href":"https:\/\/www.medheus.uevora.pt\/index.php\/wp-json\/wp\/v2\/comments?post=3098"}],"version-history":[{"count":16,"href":"https:\/\/www.medheus.uevora.pt\/index.php\/wp-json\/wp\/v2\/pages\/3098\/revisions"}],"predecessor-version":[{"id":3780,"href":"https:\/\/www.medheus.uevora.pt\/index.php\/wp-json\/wp\/v2\/pages\/3098\/revisions\/3780"}],"wp:attachment":[{"href":"https:\/\/www.medheus.uevora.pt\/index.php\/wp-json\/wp\/v2\/media?parent=3098"}],"curies":[{"name":"wp","href":"https:\/\/api.w.org\/{rel}","templated":true}]}}