{"id":3074,"date":"2024-02-16T19:29:46","date_gmt":"2024-02-16T19:29:46","guid":{"rendered":"https:\/\/www.medheus.uevora.pt\/?page_id=3074"},"modified":"2024-02-16T19:29:48","modified_gmt":"2024-02-16T19:29:48","slug":"scientific-committee","status":"publish","type":"page","link":"https:\/\/www.medheus.uevora.pt\/index.php\/scientific-committee\/","title":{"rendered":"Scientific Committee"},"content":{"rendered":"\n<div style=\"height:20px\" aria-hidden=\"true\" class=\"wp-block-spacer\"><\/div>\n\n\n\n<p><strong>Ana Carvalho<\/strong> (Universidade de \u00c9vora, CIDEHUS)<\/p>\n\n\n\n<p><strong>Ant\u00f3nia Fialho Conde<\/strong> (Universidade de \u00c9vora, Departamento de Hist\u00f3ria, CIDEHUS)<\/p>\n\n\n\n<p><strong>Armando Quintas<\/strong> (Universidade de \u00c9vora, CIDEHUS, CECHAP)<\/p>\n\n\n\n<p><strong>\u00c1urea Rodriges <\/strong>(Universidade de \u00c9vora, Departamento de Sociologia, CIDEHUS)<\/p>\n\n\n\n<p><strong>Carlos Manuel Fa\u00edsca<\/strong> (Universidade de Coimbra, CEIS20)<\/p>\n\n\n\n<p><strong>Elsa Lamy <\/strong>(Universidade de \u00c9vora, MED &amp; CHANGE)<\/p>\n\n\n\n<p><strong>Evanthia Balla<\/strong> (Universidade de \u00c9vora, Departamento de Economia)<\/p>\n\n\n\n<p><strong>Filipe Themudo Barata<\/strong> (Universidade de \u00c9vora)<\/p>\n\n\n\n<p><strong>Irene Viparelli<\/strong> (Universidade de \u00c9vora, Departamento de Economia, CICP)<\/p>\n\n\n\n<p><strong>Jo\u00e3o Rocha<\/strong> (Universidade de \u00c9vora, Departamento de Arquitetura, CIDEHUS)<\/p>\n\n\n\n<p><strong>Maria Ros\u00e1rio Borges<\/strong> (Universidade de \u00c9vora, Departamento de Sociologia, CIDEHUS)<\/p>\n\n\n\n<p><strong>Maria Filomena Gon\u00e7alves<\/strong> (Universidade de \u00c9vora, CIDEHUS, C\u00e1tedra UNESCO em Patrim\u00f3nio Cultural Imaterial)<\/p>\n\n\n\n<p><strong>Maria da Luz Sampaio<\/strong> (Universidade de \u00c9vora, CIDEHUS)<\/p>\n\n\n\n<p><strong>Silv\u00e9rio Rocha e Cunha<\/strong> (Universidade de \u00c9vora, Departamento de Economia, CICP)<\/p>\n\n\n\n<p><strong>Sheila Palomares Alarc\u00f3n<\/strong> (Universidad de Ja\u00e9n &amp; CIDEHUS)<\/p>\n\n\n\n<p><strong>S\u00f3nia Bombico<\/strong> (Universidade de \u00c9vora, CIDEHUS &amp; MED)<\/p>\n\n\n\n<p><strong>Susana Filipe<\/strong> (Universidade de \u00c9vora, MED &amp; CHANGE)<\/p>\n\n\n\n<p><strong>Teresa Pinto Correia<\/strong> (Universidade de \u00c9vora, Departamento de Paisagem, Ambiente e Ordenamento, MED &amp; CHANGE)<\/p>\n\n\n\n<div style=\"height:100px\" aria-hidden=\"true\" class=\"wp-block-spacer\"><\/div>\n","protected":false},"excerpt":{"rendered":"<p>Ana Carvalho (Universidade de \u00c9vora, CIDEHUS) Ant\u00f3nia Fialho Conde (Universidade de \u00c9vora, Departamento de Hist\u00f3ria, CIDEHUS) Armando Quintas (Universidade de \u00c9vora, CIDEHUS, CECHAP) \u00c1urea Rodriges (Universidade de \u00c9vora, Departamento de Sociologia, CIDEHUS) Carlos Manuel Fa\u00edsca (Universidade de Coimbra, CEIS20) Elsa Lamy (Universidade de \u00c9vora, MED &amp; CHANGE) Evanthia Balla (Universidade de \u00c9vora, Departamento de Economia)&hellip;&nbsp;<a href=\"https:\/\/www.medheus.uevora.pt\/index.php\/scientific-committee\/\" class=\"\" rel=\"bookmark\">Ler mais &raquo;<span class=\"screen-reader-text\">Scientific Committee<\/span><\/a><\/p>\n","protected":false},"author":1,"featured_media":0,"parent":0,"menu_order":0,"comment_status":"closed","ping_status":"closed","template":"","meta":{"neve_meta_sidebar":"","neve_meta_container":"","neve_meta_enable_content_width":"","neve_meta_content_width":0,"neve_meta_title_alignment":"","neve_meta_author_avatar":"","neve_post_elements_order":"","neve_meta_disable_header":"","neve_meta_disable_footer":"","neve_meta_disable_title":"","footnotes":""},"class_list":["post-3074","page","type-page","status-publish","hentry"],"_links":{"self":[{"href":"https:\/\/www.medheus.uevora.pt\/index.php\/wp-json\/wp\/v2\/pages\/3074","targetHints":{"allow":["GET"]}}],"collection":[{"href":"https:\/\/www.medheus.uevora.pt\/index.php\/wp-json\/wp\/v2\/pages"}],"about":[{"href":"https:\/\/www.medheus.uevora.pt\/index.php\/wp-json\/wp\/v2\/types\/page"}],"author":[{"embeddable":true,"href":"https:\/\/www.medheus.uevora.pt\/index.php\/wp-json\/wp\/v2\/users\/1"}],"replies":[{"embeddable":true,"href":"https:\/\/www.medheus.uevora.pt\/index.php\/wp-json\/wp\/v2\/comments?post=3074"}],"version-history":[{"count":1,"href":"https:\/\/www.medheus.uevora.pt\/index.php\/wp-json\/wp\/v2\/pages\/3074\/revisions"}],"predecessor-version":[{"id":3080,"href":"https:\/\/www.medheus.uevora.pt\/index.php\/wp-json\/wp\/v2\/pages\/3074\/revisions\/3080"}],"wp:attachment":[{"href":"https:\/\/www.medheus.uevora.pt\/index.php\/wp-json\/wp\/v2\/media?parent=3074"}],"curies":[{"name":"wp","href":"https:\/\/api.w.org\/{rel}","templated":true}]}}