{"id":208,"date":"2022-12-23T00:50:15","date_gmt":"2022-12-23T00:50:15","guid":{"rendered":"https:\/\/www.medheus.uevora.pt\/?page_id=208"},"modified":"2022-12-28T16:09:57","modified_gmt":"2022-12-28T16:09:57","slug":"contact","status":"publish","type":"page","link":"https:\/\/www.medheus.uevora.pt\/index.php\/contact\/","title":{"rendered":"Contact"},"content":{"rendered":"\n<div class=\"wp-block-cover is-light\" style=\"min-height:340px;aspect-ratio:unset;\"><span aria-hidden=\"true\" class=\"wp-block-cover__background has-background-dim-30 has-background-dim\"><\/span><img loading=\"lazy\" decoding=\"async\" width=\"1640\" height=\"656\" class=\"wp-block-cover__image-background wp-image-1834\" alt=\"\" src=\"https:\/\/www.medheus.uevora.pt\/wp-content\/uploads\/2022\/12\/Design-sem-nome-22-1.png\" data-object-fit=\"cover\" srcset=\"https:\/\/www.medheus.uevora.pt\/wp-content\/uploads\/2022\/12\/Design-sem-nome-22-1.png 1640w, https:\/\/www.medheus.uevora.pt\/wp-content\/uploads\/2022\/12\/Design-sem-nome-22-1-300x120.png 300w, https:\/\/www.medheus.uevora.pt\/wp-content\/uploads\/2022\/12\/Design-sem-nome-22-1-1024x410.png 1024w, https:\/\/www.medheus.uevora.pt\/wp-content\/uploads\/2022\/12\/Design-sem-nome-22-1-768x307.png 768w, https:\/\/www.medheus.uevora.pt\/wp-content\/uploads\/2022\/12\/Design-sem-nome-22-1-1536x614.png 1536w\" sizes=\"auto, (max-width: 1640px) 100vw, 1640px\" \/><div class=\"wp-block-cover__inner-container is-layout-flow wp-block-cover-is-layout-flow\">\n<p class=\"has-text-align-center has-large-font-size\"><\/p>\n<\/div><\/div>\n\n\n\n<div style=\"height:60px\" aria-hidden=\"true\" class=\"wp-block-spacer\"><\/div>\n\n\n\n<p><strong>MODULE COORDINATOR<\/strong><br>S\u00f3nia Bombico                                                                                                                                                                                                                                               <br>University of \u00c9vora<br>sbombico@uevora.pt<\/p>\n\n\n\n<p><\/p>\n\n\n\n<p>CIDEHUS &#8211; Interdisciplinary Centre for History, Culture and Societies<br>Universidade de \u00c9vora                                                                                                                                                                                                                      Pal\u00e1cio do Vimioso<br>Largo do Marqu\u00eas de Marialva, n.\u00ba 8<br>Apartado 94<br>7000-809 \u00c9vora &#8211; Portugal<\/p>\n\n\n\n<p><\/p>\n\n\n\n<p>MED &#8211; Mediterranean Institute for Agriculture, Environment and Development                                                                                                                                                                                                                                    Universidade de \u00c9vora<br>P\u00f3lo da Mitra, Apartado 94<br>7006-554 \u00c9vora, Portugal<\/p>\n\n\n\n<p><\/p>\n\n\n\n<div class=\"wp-block-group\"><div class=\"wp-block-group__inner-container is-layout-constrained wp-block-group-is-layout-constrained\">\n<div class=\"wp-block-group is-vertical is-layout-flex wp-container-core-group-is-layout-8cf370e7 wp-block-group-is-layout-flex\">\n<p>UNIMED Office at the University of \u00c9vora                                                                                                                                                                                                              <br>Gabinete 242<br>P\u00f3lo da Mitra<br>Ex. 44136<\/p>\n<\/div>\n<\/div><\/div>\n\n\n\n<div style=\"height:100px\" aria-hidden=\"true\" class=\"wp-block-spacer\"><\/div>\n","protected":false},"excerpt":{"rendered":"<p>MODULE COORDINATORS\u00f3nia Bombico University of \u00c9vorasbombico@uevora.pt CIDEHUS &#8211; Interdisciplinary Centre for History, Culture and SocietiesUniversidade de \u00c9vora Pal\u00e1cio do VimiosoLargo do Marqu\u00eas de Marialva, n.\u00ba 8Apartado 947000-809 \u00c9vora &#8211; Portugal MED &#8211; Mediterranean Institute for Agriculture, Environment and Development Universidade de \u00c9voraP\u00f3lo da Mitra, Apartado 947006-554 \u00c9vora, Portugal UNIMED Office at the University of \u00c9vora&hellip;&nbsp;<a href=\"https:\/\/www.medheus.uevora.pt\/index.php\/contact\/\" class=\"\" rel=\"bookmark\">Ler mais &raquo;<span class=\"screen-reader-text\">Contact<\/span><\/a><\/p>\n","protected":false},"author":1,"featured_media":0,"parent":0,"menu_order":7,"comment_status":"closed","ping_status":"closed","template":"","meta":{"neve_meta_sidebar":"","neve_meta_container":"","neve_meta_enable_content_width":"","neve_meta_content_width":0,"neve_meta_title_alignment":"","neve_meta_author_avatar":"","neve_post_elements_order":"","neve_meta_disable_header":"","neve_meta_disable_footer":"","neve_meta_disable_title":"","footnotes":""},"class_list":["post-208","page","type-page","status-publish","hentry"],"_links":{"self":[{"href":"https:\/\/www.medheus.uevora.pt\/index.php\/wp-json\/wp\/v2\/pages\/208","targetHints":{"allow":["GET"]}}],"collection":[{"href":"https:\/\/www.medheus.uevora.pt\/index.php\/wp-json\/wp\/v2\/pages"}],"about":[{"href":"https:\/\/www.medheus.uevora.pt\/index.php\/wp-json\/wp\/v2\/types\/page"}],"author":[{"embeddable":true,"href":"https:\/\/www.medheus.uevora.pt\/index.php\/wp-json\/wp\/v2\/users\/1"}],"replies":[{"embeddable":true,"href":"https:\/\/www.medheus.uevora.pt\/index.php\/wp-json\/wp\/v2\/comments?post=208"}],"version-history":[{"count":13,"href":"https:\/\/www.medheus.uevora.pt\/index.php\/wp-json\/wp\/v2\/pages\/208\/revisions"}],"predecessor-version":[{"id":1936,"href":"https:\/\/www.medheus.uevora.pt\/index.php\/wp-json\/wp\/v2\/pages\/208\/revisions\/1936"}],"wp:attachment":[{"href":"https:\/\/www.medheus.uevora.pt\/index.php\/wp-json\/wp\/v2\/media?parent=208"}],"curies":[{"name":"wp","href":"https:\/\/api.w.org\/{rel}","templated":true}]}}